{"id":361,"date":"2024-09-05T20:14:13","date_gmt":"2024-09-05T20:14:13","guid":{"rendered":"https:\/\/www.gabrielosoriomolina.com\/?page_id=361"},"modified":"2024-10-09T01:02:10","modified_gmt":"2024-10-09T01:02:10","slug":"contacto","status":"publish","type":"page","link":"https:\/\/www.gabrielosoriomolina.com\/en\/contacto\/","title":{"rendered":"Contact"},"content":{"rendered":"<div class=\"wp-block-columns is-layout-flex wp-container-core-columns-is-layout-28f84493 wp-block-columns-is-layout-flex\">\n<div class=\"wp-block-column is-layout-flow wp-block-column-is-layout-flow\"><figure class=\"wp-block-post-featured-image\"><img loading=\"lazy\" decoding=\"async\" width=\"640\" height=\"960\" src=\"https:\/\/www.gabrielosoriomolina.com\/wp-content\/uploads\/2024\/09\/gabi-contacto-byn.jpg\" class=\"attachment-post-thumbnail size-post-thumbnail wp-post-image\" alt=\"\" style=\"object-fit:cover;\" srcset=\"https:\/\/www.gabrielosoriomolina.com\/wp-content\/uploads\/2024\/09\/gabi-contacto-byn.jpg 640w, https:\/\/www.gabrielosoriomolina.com\/wp-content\/uploads\/2024\/09\/gabi-contacto-byn-200x300.jpg 200w\" sizes=\"auto, (max-width: 640px) 100vw, 640px\" \/><\/figure><\/div>\n\n\n\n<div class=\"wp-block-column is-layout-flow wp-block-column-is-layout-flow\">\n<p><strong>Tel\u00e9fono: <\/strong>+1 (442) 944-2801<\/p>\n\n\n\n<p><strong>Email:<\/strong> gabrielosoriom79@gmail.com<\/p>\n\n\n\n<h2 class=\"wp-block-heading\">Contact me!<\/h2>\n\n\n\n<p>Fill out this simple form and soon I will answer to your e-mail.<\/p>\n\n\n\n<div class=\"wpcf7 no-js\" id=\"wpcf7-f617-o1\" lang=\"es-ES\" dir=\"ltr\" data-wpcf7-id=\"617\">\n<div class=\"screen-reader-response\"><p role=\"status\" aria-live=\"polite\" aria-atomic=\"true\"><\/p> <ul><\/ul><\/div>\n<form action=\"\/en\/wp-json\/wp\/v2\/pages\/361#wpcf7-f617-o1\" method=\"post\" class=\"wpcf7-form init\" aria-label=\"Formulario de contacto\" novalidate=\"novalidate\" data-status=\"init\" data-trp-original-action=\"\/en\/wp-json\/wp\/v2\/pages\/361#wpcf7-f617-o1\">\n<fieldset class=\"hidden-fields-container\"><input type=\"hidden\" name=\"_wpcf7\" value=\"617\" \/><input type=\"hidden\" name=\"_wpcf7_version\" value=\"6.1.6\" \/><input type=\"hidden\" name=\"_wpcf7_locale\" value=\"es_ES\" \/><input type=\"hidden\" name=\"_wpcf7_unit_tag\" value=\"wpcf7-f617-o1\" \/><input type=\"hidden\" name=\"_wpcf7_container_post\" value=\"0\" \/><input type=\"hidden\" name=\"_wpcf7_posted_data_hash\" value=\"\" \/>\n<\/fieldset>\n<p><label> Your name<br \/>\n<span class=\"wpcf7-form-control-wrap\" data-name=\"your-name\"><input size=\"40\" maxlength=\"400\" class=\"wpcf7-form-control wpcf7-text wpcf7-validates-as-required\" autocomplete=\"name\" aria-required=\"true\" aria-invalid=\"false\" value=\"\" type=\"text\" name=\"your-name\" \/><\/span> <\/label>\n<\/p>\n<p><label> Your e-mail<br \/>\n<span class=\"wpcf7-form-control-wrap\" data-name=\"your-email\"><input size=\"40\" maxlength=\"400\" class=\"wpcf7-form-control wpcf7-email wpcf7-validates-as-required wpcf7-text wpcf7-validates-as-email\" autocomplete=\"email\" aria-required=\"true\" aria-invalid=\"false\" value=\"\" type=\"email\" name=\"your-email\" \/><\/span> <\/label>\n<\/p>\n<p><label> Subject<br \/>\n<span class=\"wpcf7-form-control-wrap\" data-name=\"your-subject\"><input size=\"40\" maxlength=\"400\" class=\"wpcf7-form-control wpcf7-text wpcf7-validates-as-required\" aria-required=\"true\" aria-invalid=\"false\" value=\"\" type=\"text\" name=\"your-subject\" \/><\/span> <\/label>\n<\/p>\n<p><label> Your message (optional)<br \/>\n<span class=\"wpcf7-form-control-wrap\" data-name=\"your-message\"><textarea cols=\"40\" rows=\"10\" maxlength=\"2000\" class=\"wpcf7-form-control wpcf7-textarea\" aria-invalid=\"false\" name=\"your-message\"><\/textarea><\/span> <\/label>\n<\/p>\n<p><input class=\"wpcf7-form-control wpcf7-submit has-spinner\" type=\"submit\" value=\"Send\" \/>\n<\/p><div class=\"wpcf7-response-output\" aria-hidden=\"true\"><\/div>\n<input type=\"hidden\" name=\"trp-form-language\" value=\"en\"\/><\/form>\n<\/div>\n\n<\/div>\n<\/div>","protected":false},"excerpt":{"rendered":"<p>Tel\u00e9fono: +1 (442) 944-2801 Email: gabrielosoriom79@gmail.com \u00a1Escr\u00edbeme! Llena este sencillo formulario y en breve te contestar\u00e9 a tu correo electr\u00f3nico.<\/p>","protected":false},"author":1,"featured_media":485,"parent":0,"menu_order":0,"comment_status":"closed","ping_status":"closed","template":"","meta":{"site-sidebar-layout":"default","site-content-layout":"","ast-site-content-layout":"default","site-content-style":"default","site-sidebar-style":"default","ast-global-header-display":"","ast-banner-title-visibility":"","ast-main-header-display":"","ast-hfb-above-header-display":"","ast-hfb-below-header-display":"","ast-hfb-mobile-header-display":"","site-post-title":"disabled","ast-breadcrumbs-content":"","ast-featured-img":"disabled","footer-sml-layout":"","ast-disable-related-posts":"","theme-transparent-header-meta":"","adv-header-id-meta":"","stick-header-meta":"","header-above-stick-meta":"","header-main-stick-meta":"","header-below-stick-meta":"","astra-migrate-meta-layouts":"default","ast-page-background-enabled":"default","ast-page-background-meta":{"desktop":{"background-color":"var(--ast-global-color-4)","background-image":"","background-repeat":"repeat","background-position":"center center","background-size":"auto","background-attachment":"scroll","background-type":"","background-media":"","overlay-type":"","overlay-color":"","overlay-opacity":"","overlay-gradient":""},"tablet":{"background-color":"","background-image":"","background-repeat":"repeat","background-position":"center center","background-size":"auto","background-attachment":"scroll","background-type":"","background-media":"","overlay-type":"","overlay-color":"","overlay-opacity":"","overlay-gradient":""},"mobile":{"background-color":"","background-image":"","background-repeat":"repeat","background-position":"center center","background-size":"auto","background-attachment":"scroll","background-type":"","background-media":"","overlay-type":"","overlay-color":"","overlay-opacity":"","overlay-gradient":""}},"ast-content-background-meta":{"desktop":{"background-color":"var(--ast-global-color-5)","background-image":"","background-repeat":"repeat","background-position":"center center","background-size":"auto","background-attachment":"scroll","background-type":"","background-media":"","overlay-type":"","overlay-color":"","overlay-opacity":"","overlay-gradient":""},"tablet":{"background-color":"var(--ast-global-color-5)","background-image":"","background-repeat":"repeat","background-position":"center center","background-size":"auto","background-attachment":"scroll","background-type":"","background-media":"","overlay-type":"","overlay-color":"","overlay-opacity":"","overlay-gradient":""},"mobile":{"background-color":"var(--ast-global-color-5)","background-image":"","background-repeat":"repeat","background-position":"center center","background-size":"auto","background-attachment":"scroll","background-type":"","background-media":"","overlay-type":"","overlay-color":"","overlay-opacity":"","overlay-gradient":""}},"footnotes":""},"class_list":["post-361","page","type-page","status-publish","has-post-thumbnail","hentry"],"yoast_head":"<!-- This site is optimized with the Yoast SEO plugin v27.6 - https:\/\/yoast.com\/product\/yoast-seo-wordpress\/ -->\n<title>Contacto - Cesar Gabriel Osorio Molina<\/title>\n<meta name=\"robots\" content=\"index, follow, max-snippet:-1, max-image-preview:large, max-video-preview:-1\" \/>\n<link rel=\"canonical\" href=\"https:\/\/www.gabrielosoriomolina.com\/en\/contacto\/\" \/>\n<meta property=\"og:locale\" content=\"en_US\" \/>\n<meta property=\"og:type\" content=\"article\" \/>\n<meta property=\"og:title\" content=\"Contacto - Cesar Gabriel Osorio Molina\" \/>\n<meta property=\"og:description\" content=\"Tel\u00e9fono: +1 (442) 944-2801 Email: gabrielosoriom79@gmail.com \u00a1Escr\u00edbeme! Llena este sencillo formulario y en breve te contestar\u00e9 a tu correo electr\u00f3nico.\" \/>\n<meta property=\"og:url\" content=\"https:\/\/www.gabrielosoriomolina.com\/en\/contacto\/\" \/>\n<meta property=\"og:site_name\" content=\"Cesar Gabriel Osorio Molina\" \/>\n<meta property=\"article:modified_time\" content=\"2024-10-09T01:02:10+00:00\" \/>\n<meta property=\"og:image\" content=\"https:\/\/www.gabrielosoriomolina.com\/wp-content\/uploads\/2024\/09\/gabi-contacto-byn.jpg\" \/>\n\t<meta property=\"og:image:width\" content=\"640\" \/>\n\t<meta property=\"og:image:height\" content=\"960\" \/>\n\t<meta property=\"og:image:type\" content=\"image\/jpeg\" \/>\n<meta name=\"twitter:card\" content=\"summary_large_image\" \/>\n<meta name=\"twitter:label1\" content=\"Est. reading time\" \/>\n\t<meta name=\"twitter:data1\" content=\"1 minute\" \/>\n<script type=\"application\/ld+json\" class=\"yoast-schema-graph\">{\"@context\":\"https:\\\/\\\/schema.org\",\"@graph\":[{\"@type\":\"WebPage\",\"@id\":\"https:\\\/\\\/www.gabrielosoriomolina.com\\\/contacto\\\/\",\"url\":\"https:\\\/\\\/www.gabrielosoriomolina.com\\\/contacto\\\/\",\"name\":\"Contacto - Cesar Gabriel Osorio Molina\",\"isPartOf\":{\"@id\":\"https:\\\/\\\/www.gabrielosoriomolina.com\\\/#website\"},\"primaryImageOfPage\":{\"@id\":\"https:\\\/\\\/www.gabrielosoriomolina.com\\\/contacto\\\/#primaryimage\"},\"image\":{\"@id\":\"https:\\\/\\\/www.gabrielosoriomolina.com\\\/contacto\\\/#primaryimage\"},\"thumbnailUrl\":\"https:\\\/\\\/www.gabrielosoriomolina.com\\\/wp-content\\\/uploads\\\/2024\\\/09\\\/gabi-contacto-byn.jpg\",\"datePublished\":\"2024-09-05T20:14:13+00:00\",\"dateModified\":\"2024-10-09T01:02:10+00:00\",\"breadcrumb\":{\"@id\":\"https:\\\/\\\/www.gabrielosoriomolina.com\\\/contacto\\\/#breadcrumb\"},\"inLanguage\":\"en-US\",\"potentialAction\":[{\"@type\":\"ReadAction\",\"target\":[\"https:\\\/\\\/www.gabrielosoriomolina.com\\\/contacto\\\/\"]}]},{\"@type\":\"ImageObject\",\"inLanguage\":\"en-US\",\"@id\":\"https:\\\/\\\/www.gabrielosoriomolina.com\\\/contacto\\\/#primaryimage\",\"url\":\"https:\\\/\\\/www.gabrielosoriomolina.com\\\/wp-content\\\/uploads\\\/2024\\\/09\\\/gabi-contacto-byn.jpg\",\"contentUrl\":\"https:\\\/\\\/www.gabrielosoriomolina.com\\\/wp-content\\\/uploads\\\/2024\\\/09\\\/gabi-contacto-byn.jpg\",\"width\":640,\"height\":960},{\"@type\":\"BreadcrumbList\",\"@id\":\"https:\\\/\\\/www.gabrielosoriomolina.com\\\/contacto\\\/#breadcrumb\",\"itemListElement\":[{\"@type\":\"ListItem\",\"position\":1,\"name\":\"Portada\",\"item\":\"https:\\\/\\\/www.gabrielosoriomolina.com\\\/\"},{\"@type\":\"ListItem\",\"position\":2,\"name\":\"Contacto\"}]},{\"@type\":\"WebSite\",\"@id\":\"https:\\\/\\\/www.gabrielosoriomolina.com\\\/#website\",\"url\":\"https:\\\/\\\/www.gabrielosoriomolina.com\\\/\",\"name\":\"Cesar Gabriel Osorio Molina\",\"description\":\"Dossier art&iacute;stico de Gabriel Osorio\",\"publisher\":{\"@id\":\"https:\\\/\\\/www.gabrielosoriomolina.com\\\/#\\\/schema\\\/person\\\/4317556be7cef3c89e5d455d7c2afa79\"},\"potentialAction\":[{\"@type\":\"SearchAction\",\"target\":{\"@type\":\"EntryPoint\",\"urlTemplate\":\"https:\\\/\\\/www.gabrielosoriomolina.com\\\/?s={search_term_string}\"},\"query-input\":{\"@type\":\"PropertyValueSpecification\",\"valueRequired\":true,\"valueName\":\"search_term_string\"}}],\"inLanguage\":\"en-US\"},{\"@type\":[\"Person\",\"Organization\"],\"@id\":\"https:\\\/\\\/www.gabrielosoriomolina.com\\\/#\\\/schema\\\/person\\\/4317556be7cef3c89e5d455d7c2afa79\",\"name\":\"Cesar Gabriel Osorio Molina\",\"image\":{\"@type\":\"ImageObject\",\"inLanguage\":\"en-US\",\"@id\":\"https:\\\/\\\/www.gabrielosoriomolina.com\\\/wp-content\\\/uploads\\\/2024\\\/09\\\/cropped-gabi-logo-v1.png\",\"url\":\"https:\\\/\\\/www.gabrielosoriomolina.com\\\/wp-content\\\/uploads\\\/2024\\\/09\\\/cropped-gabi-logo-v1.png\",\"contentUrl\":\"https:\\\/\\\/www.gabrielosoriomolina.com\\\/wp-content\\\/uploads\\\/2024\\\/09\\\/cropped-gabi-logo-v1.png\",\"width\":600,\"height\":200,\"caption\":\"Cesar Gabriel Osorio Molina\"},\"logo\":{\"@id\":\"https:\\\/\\\/www.gabrielosoriomolina.com\\\/wp-content\\\/uploads\\\/2024\\\/09\\\/cropped-gabi-logo-v1.png\"}}]}<\/script>\n<!-- \/ Yoast SEO plugin. -->","yoast_head_json":{"title":"Contacto - Cesar Gabriel Osorio Molina","robots":{"index":"index","follow":"follow","max-snippet":"max-snippet:-1","max-image-preview":"max-image-preview:large","max-video-preview":"max-video-preview:-1"},"canonical":"https:\/\/www.gabrielosoriomolina.com\/en\/contacto\/","og_locale":"en_US","og_type":"article","og_title":"Contacto - Cesar Gabriel Osorio Molina","og_description":"Tel\u00e9fono: +1 (442) 944-2801 Email: gabrielosoriom79@gmail.com \u00a1Escr\u00edbeme! Llena este sencillo formulario y en breve te contestar\u00e9 a tu correo electr\u00f3nico.","og_url":"https:\/\/www.gabrielosoriomolina.com\/en\/contacto\/","og_site_name":"Cesar Gabriel Osorio Molina","article_modified_time":"2024-10-09T01:02:10+00:00","og_image":[{"width":640,"height":960,"url":"https:\/\/www.gabrielosoriomolina.com\/wp-content\/uploads\/2024\/09\/gabi-contacto-byn.jpg","type":"image\/jpeg"}],"twitter_card":"summary_large_image","twitter_misc":{"Est. reading time":"1 minute"},"schema":{"@context":"https:\/\/schema.org","@graph":[{"@type":"WebPage","@id":"https:\/\/www.gabrielosoriomolina.com\/contacto\/","url":"https:\/\/www.gabrielosoriomolina.com\/contacto\/","name":"Contacto - Cesar Gabriel Osorio Molina","isPartOf":{"@id":"https:\/\/www.gabrielosoriomolina.com\/#website"},"primaryImageOfPage":{"@id":"https:\/\/www.gabrielosoriomolina.com\/contacto\/#primaryimage"},"image":{"@id":"https:\/\/www.gabrielosoriomolina.com\/contacto\/#primaryimage"},"thumbnailUrl":"https:\/\/www.gabrielosoriomolina.com\/wp-content\/uploads\/2024\/09\/gabi-contacto-byn.jpg","datePublished":"2024-09-05T20:14:13+00:00","dateModified":"2024-10-09T01:02:10+00:00","breadcrumb":{"@id":"https:\/\/www.gabrielosoriomolina.com\/contacto\/#breadcrumb"},"inLanguage":"en-US","potentialAction":[{"@type":"ReadAction","target":["https:\/\/www.gabrielosoriomolina.com\/contacto\/"]}]},{"@type":"ImageObject","inLanguage":"en-US","@id":"https:\/\/www.gabrielosoriomolina.com\/contacto\/#primaryimage","url":"https:\/\/www.gabrielosoriomolina.com\/wp-content\/uploads\/2024\/09\/gabi-contacto-byn.jpg","contentUrl":"https:\/\/www.gabrielosoriomolina.com\/wp-content\/uploads\/2024\/09\/gabi-contacto-byn.jpg","width":640,"height":960},{"@type":"BreadcrumbList","@id":"https:\/\/www.gabrielosoriomolina.com\/contacto\/#breadcrumb","itemListElement":[{"@type":"ListItem","position":1,"name":"Portada","item":"https:\/\/www.gabrielosoriomolina.com\/"},{"@type":"ListItem","position":2,"name":"Contacto"}]},{"@type":"WebSite","@id":"https:\/\/www.gabrielosoriomolina.com\/#website","url":"https:\/\/www.gabrielosoriomolina.com\/","name":"Cesar Gabriel Osorio Molina","description":"Dossier art&iacute;stico de Gabriel Osorio","publisher":{"@id":"https:\/\/www.gabrielosoriomolina.com\/#\/schema\/person\/4317556be7cef3c89e5d455d7c2afa79"},"potentialAction":[{"@type":"SearchAction","target":{"@type":"EntryPoint","urlTemplate":"https:\/\/www.gabrielosoriomolina.com\/?s={search_term_string}"},"query-input":{"@type":"PropertyValueSpecification","valueRequired":true,"valueName":"search_term_string"}}],"inLanguage":"en-US"},{"@type":["Person","Organization"],"@id":"https:\/\/www.gabrielosoriomolina.com\/#\/schema\/person\/4317556be7cef3c89e5d455d7c2afa79","name":"Cesar Gabriel Osorio Molina","image":{"@type":"ImageObject","inLanguage":"en-US","@id":"https:\/\/www.gabrielosoriomolina.com\/wp-content\/uploads\/2024\/09\/cropped-gabi-logo-v1.png","url":"https:\/\/www.gabrielosoriomolina.com\/wp-content\/uploads\/2024\/09\/cropped-gabi-logo-v1.png","contentUrl":"https:\/\/www.gabrielosoriomolina.com\/wp-content\/uploads\/2024\/09\/cropped-gabi-logo-v1.png","width":600,"height":200,"caption":"Cesar Gabriel Osorio Molina"},"logo":{"@id":"https:\/\/www.gabrielosoriomolina.com\/wp-content\/uploads\/2024\/09\/cropped-gabi-logo-v1.png"}}]}},"_links":{"self":[{"href":"https:\/\/www.gabrielosoriomolina.com\/en\/wp-json\/wp\/v2\/pages\/361","targetHints":{"allow":["GET"]}}],"collection":[{"href":"https:\/\/www.gabrielosoriomolina.com\/en\/wp-json\/wp\/v2\/pages"}],"about":[{"href":"https:\/\/www.gabrielosoriomolina.com\/en\/wp-json\/wp\/v2\/types\/page"}],"author":[{"embeddable":true,"href":"https:\/\/www.gabrielosoriomolina.com\/en\/wp-json\/wp\/v2\/users\/1"}],"replies":[{"embeddable":true,"href":"https:\/\/www.gabrielosoriomolina.com\/en\/wp-json\/wp\/v2\/comments?post=361"}],"version-history":[{"count":5,"href":"https:\/\/www.gabrielosoriomolina.com\/en\/wp-json\/wp\/v2\/pages\/361\/revisions"}],"predecessor-version":[{"id":647,"href":"https:\/\/www.gabrielosoriomolina.com\/en\/wp-json\/wp\/v2\/pages\/361\/revisions\/647"}],"wp:featuredmedia":[{"embeddable":true,"href":"https:\/\/www.gabrielosoriomolina.com\/en\/wp-json\/wp\/v2\/media\/485"}],"wp:attachment":[{"href":"https:\/\/www.gabrielosoriomolina.com\/en\/wp-json\/wp\/v2\/media?parent=361"}],"curies":[{"name":"wp","href":"https:\/\/api.w.org\/{rel}","templated":true}]}}