{"id":362,"date":"2024-09-05T20:14:13","date_gmt":"2024-09-05T20:14:13","guid":{"rendered":"https:\/\/www.gabrielosoriomolina.com\/?page_id=362"},"modified":"2024-09-09T16:43:33","modified_gmt":"2024-09-09T16:43:33","slug":"cv","status":"publish","type":"page","link":"https:\/\/www.gabrielosoriomolina.com\/en\/cv\/","title":{"rendered":"CV"},"content":{"rendered":"<h2 class=\"wp-block-heading has-text-align-center\">Resumen curricular de <strong>Gabriel Osorio<\/strong><\/h2>\n\n\n\n<div class=\"wp-block-columns is-layout-flex wp-container-core-columns-is-layout-28f84493 wp-block-columns-is-layout-flex\">\n<div class=\"wp-block-column is-layout-flow wp-block-column-is-layout-flow\">\n<h2 class=\"wp-block-heading has-medium-font-size\"><strong>Datos personales:<\/strong><\/h2>\n\n\n\n<p>Nombres y apellidos: <strong>C\u00e9sar Gabriel Osorio Molina<\/strong><\/p>\n\n\n\n<p>C\u00e9dula de identidad: <strong>V- 14.401.784<\/strong><\/p>\n\n\n\n<p>Estado civil: <strong>Soltero<\/strong><\/p>\n\n\n\n<p>Nacionalidad:<strong> Venezolano<\/strong><\/p>\n\n\n\n<p>Lugar y fecha de nacimiento: <strong>San Crist\u00f3bal, estado T\u00e1chira; 18 de Marzo de 1979<\/strong><\/p>\n\n\n\n<p>Edad: <strong>41 a\u00f1os<\/strong><\/p>\n\n\n\n<p>Profesi\u00f3n: <strong>Actor<\/strong><\/p>\n<\/div>\n\n\n\n<div class=\"wp-block-column is-layout-flow wp-block-column-is-layout-flow\">\n<h2 class=\"wp-block-heading has-medium-font-size\"><strong>Estudios realizados<\/strong>:<\/h2>\n\n\n\n<p>Educaci\u00f3n secundaria: <strong>Unidad educativa colegio \u201cLa Salle\u201d<\/strong>, a\u00f1os 1990-1996<\/p>\n\n\n\n<p>Educaci\u00f3n superior: <strong>Taller de Actuaci\u00f3n<\/strong> de la unidad docente de teatro de la Facultad de arquitectura y arte de la <strong>Universidad de los andes<\/strong>, a\u00f1o 1996<\/p>\n\n\n\n<p>Diplomado de la <strong>Escuela superior de arte esc\u00e9nico \u201cJuana Sujo\u201d<\/strong>, a\u00f1os 1998-2000<\/p>\n\n\n\n<p>4to Semestre de la Licenciatura en <strong>Artes de la UCV<\/strong>, 2000-2002<\/p>\n\n\n\n<p>2do Semestre de la Licenciatura en letras menci\u00f3n<strong> Historia del Arte<\/strong>&#8211;<strong>ULA<\/strong>, 2005-2006&nbsp;<\/p>\n<\/div>\n<\/div>\n\n\n\n<div style=\"height:100px\" aria-hidden=\"true\" class=\"wp-block-spacer\"><\/div>\n\n\n\n<h2 class=\"wp-block-heading has-text-align-center\"><strong>Trayectoria art\u00edstica<\/strong> profesional<strong>:<\/strong><\/h2>\n\n\n\n<p><strong>Espect\u00e1culos profesionales en los que ha participado como actor o director de teatro desde 1996 hasta el presente a\u00f1o<\/strong>:<\/p>\n\n\n\n<figure class=\"wp-block-table\"><table class=\"has-fixed-layout\"><thead><tr><th>Work<\/th><th>Author<\/th><th>Group<\/th><th>Director<\/th><\/tr><\/thead><tbody><tr><td>\u201cEl pel\u00f3n de Nostradamus\u201d &nbsp;(1997)&nbsp;<\/td><td>Vincent Sivira<\/td><td>Liceo Puccini \/ Theatre in the oven<\/td><td>Gabriel Osorio<\/td><\/tr><tr><td>&#034;A wedding, and part of another&#034; (1996)<\/td><td>Franklin Tovar&nbsp;<\/td><td>TAJOS<\/td><td>Nazaly Gonzales<\/td><\/tr><tr><td>\u201cAmong Women\u201d (1997)<\/td><td>Gilberto Pinto y&nbsp;Gilberto Hern\u00e1ndez<\/td><td>Peque\u00f1o Grupo<\/td><td>Fredy Torres<\/td><\/tr><tr><td>\u201cThird Link\u201d (1998)&nbsp;<\/td><td>Bertolt Brecht&nbsp;&nbsp;&nbsp;<\/td><td>JUANA SUJO <\/td><td>Danny Jacomino&nbsp;&nbsp;&nbsp;<\/td><\/tr><tr><td>\u201cThe Gargoyles\u201d (1999)<\/td><td>Andr\u00e9s Mart\u00ednez&nbsp;<\/td><td>JUANA SUJO <\/td><td>Danny Jacomino&nbsp;&nbsp;&nbsp;<\/td><\/tr><tr><td>\u201cThe Bourgeois gentleman\u201d (1999)<\/td><td>Moliere&nbsp;&nbsp;<\/td><td>S\u00e9ptimo Piso<\/td><td>Dairo Pi\u00f1eres<\/td><\/tr><tr><td>\u201cTrist\u00e1n y Margarita\u201d&nbsp;&nbsp;(2000)<\/td><td>Ruben Martinez&nbsp;<\/td><td>S\u00e9ptimo Piso<\/td><td>Dairo Pi\u00f1eres<\/td><\/tr><tr><td>\u201cEl Enfermo imaginario\u201d&nbsp;(2000)<\/td><td>Moliere&nbsp;&nbsp;<\/td><td>Compa\u00f1\u00eda Nacional<\/td><td>Basilio&nbsp;\u00c1lvarez<\/td><\/tr><tr><td>\u201cBufonerias\u201d (2000)&nbsp;&nbsp;&nbsp;<\/td><td>Alfonzo Zurro<\/td><td>S\u00e9ptimo Piso<\/td><td>Dairo Pi\u00f1eres<\/td><\/tr><tr><td>\u201cEl Circo de los sue\u00f1os\u201d&nbsp;&nbsp;&nbsp;(2000)&nbsp;&nbsp;&nbsp;<\/td><td>Indira P\u00e1ez<\/td><td>S\u00e1bado<\/td><td>Oscar Gil<\/td><\/tr><tr><td>\u201cThe Puppy of the elephant\u201d (2001)&nbsp;&nbsp;<\/td><td>Bertolt Brecht&nbsp;&nbsp;<\/td><td>Arlequ\u00edn 62 (UCV)<\/td><td>Gabriel Osorio<\/td><\/tr><tr><td>\u201cDream of a Saturday night\u201d (2001) <\/td><td>Shakespeare<\/td><td>S\u00e9ptimo Piso<\/td><td>Dairo Pi\u00f1eres<\/td><\/tr><tr><td>\u201cOriana in the moon\u201d (2001) <\/td><td>Indira P\u00e1ez&nbsp;&nbsp;&nbsp;&nbsp;<\/td><td>S\u00e9ptimo Piso<\/td><td>Dairo Pi\u00f1eres<\/td><\/tr><tr><td>\u201cLa Quema de Judas\u201d&nbsp;&nbsp; (2001)&nbsp;<\/td><td>Rom\u00e1n Chalbaud&nbsp;<\/td><td>Arlequ\u00edn 62 (UCV)<\/td><td>Gabriel Osorio<\/td><\/tr><tr><td>\u201cThe Zurrada\u201d (2002)<\/td><td>Alfonso Zurro<\/td><td>S\u00e9ptimo Piso<\/td><td>Dairo Pi\u00f1eres<\/td><\/tr><tr><td>\u201cCultural event\u201d (2003)&nbsp;<\/td><td>Joseph I. Cabrujas&nbsp;&nbsp;<\/td><td>ACROSS (UCV)<\/td><td>Gabriel Osorio<\/td><\/tr><tr><td>\u201cThe night of the soul\u201d (2003)&nbsp;&nbsp;&nbsp;<\/td><td>Winston Rosales<\/td><td>APULA<\/td><td>Winston Rosales<\/td><\/tr><tr><td>\u201cVolpone resucitado\u201d&nbsp;(2004)&nbsp;<\/td><td>Fredy Torres&nbsp;&nbsp;<\/td><td>Peque\u00f1o Grupo<\/td><td>Jacinto Cruz<\/td><\/tr><tr><td>\u201cSapo enamorado\u201d&nbsp; (2004)&nbsp;&nbsp;&nbsp;<\/td><td>Max Velthuis<\/td><td>Taller Montage<\/td><td>Hector Arreaga<\/td><\/tr><tr><td>\u201cThe man who became a dog\u201d(2004)&nbsp;<\/td><td>Osvaldo Drag\u00fan<\/td><td>Free Movement<\/td><td>Nelson Rivero<\/td><\/tr><tr><td>\u201cThe alignment of the planets\u201d (2004)<\/td><td> Irina Dendiouk&nbsp;<\/td><td>DRAMART&nbsp;<\/td><td> Irina Dendiouk<\/td><\/tr><tr><td>\u201cI Moli\u00e8re\u201d (2005)<\/td><td>Fredy Torres<\/td><td>Peque\u00f1o Grupo<\/td><td>Jacinto Cruz<\/td><\/tr><tr><td>\u201cEl hechizo de las flores\u201d&nbsp;(2005)<\/td><td> Irina Dendiouk&nbsp;<\/td><td>DRAMART&nbsp;<\/td><td> Irina Dendiouk<\/td><\/tr><tr><td>\u201cRecuerdos de&nbsp;Juan F\u00e9lix\u201d (2005)&nbsp;<\/td><td>Juan Felix Sanchez<\/td><td>Puppets &#034;The Curitos&#034;<\/td><td>Melvin Mora<\/td><\/tr><tr><td>\u201cCalib\u00e1n Liberado\u201d&nbsp;(2006)<\/td><td>Fredy Torres<\/td><td>Peque\u00f1o Grupo<\/td><td>Jacinto Cruz<\/td><\/tr><tr><td>\u201cThat man is no longer a victim of the man\u201d&nbsp;<\/td><td>Bertold Brecht<\/td><td>U. E. Edo.Portuguesa&nbsp;<\/td><td>Gabriel Osorio<\/td><\/tr><tr><td>\u201cColombeia\u201d&nbsp;(2007)&nbsp;&nbsp;&nbsp;&nbsp;<\/td><td>Fredy Torres<\/td><td>Peque\u00f1o Grupo<\/td><td>Fredy Torres<\/td><\/tr><tr><td>\u201cThe Kingdom of yet\u201d&nbsp;<\/td><td>Daniel Iorio<\/td><td>La Corbata<\/td><td>Daniel Iorio<\/td><\/tr><tr><td>\u201cTeresa and the Bear\u201d&nbsp; &nbsp;<\/td><td>Les Luthiers<\/td><td>La Corbata<\/td><td>La Corbata<\/td><\/tr><tr><td>\u201cNinguna escoba es aburrida\u201d&nbsp;(2008)<\/td><td>Daniel Iorio<\/td><td>La Corbata<\/td><td>La Corbata<\/td><\/tr><tr><td>\u201cCorbata musical\u201d&nbsp;&nbsp;(2010)<\/td><td>La Corbata<\/td><td>La Corbata<\/td><td>La Corbata<\/td><\/tr><tr><td>\u201cRompecabezas y otras&nbsp;Fracturas del hipot\u00e1lamo\u201d (2014)<\/td><td>La Corbata<\/td><td>La Corbata<\/td><td>La Corbata<\/td><\/tr><tr><td>\u201cHysteria of the story\u201d (2016)<\/td><td>Maupassant, Poe<\/td><td>Bla<\/td><td>Gabriel Osorio<\/td><\/tr><tr><td>\u201cHamlet, the redemption of the crazy Elsinor\u201d (2017-2018)&nbsp;<\/td><td>William Shakespeare<\/td><td>Bla<\/td><td>Gabriel Osorio<\/td><\/tr><tr><td>\u201cLa v\u00edctima que asesin\u00f3 al&nbsp;Testigo\u201d&nbsp;&nbsp;(2020)<\/td><td>Fontanarrosa<\/td><td>Bla<\/td><td>Gabriel Osorio<\/td><\/tr><tr><td><\/td><td><\/td><td><\/td><td><\/td><\/tr><\/tbody><\/table><\/figure>\n\n\n\n<p><strong>&nbsp;Acting and dubbing for TV and manipulation of Puppets for TV: <\/strong>Ha trabajado para compa\u00f1\u00edas de doblaje como E.t.c y Lipsinc en Caracas y recientemente en las series Titere Mundachi que financia Conatel y&nbsp; Los Momoes de Tves.<\/p>\n\n\n\n<h2 class=\"wp-block-heading has-large-font-size\"><strong>Acting in film: <\/strong><\/h2>\n\n\n\n<p>Gabriel Osorio ha trabajado como actor en los siguientes:<\/p>\n\n\n\n<h3 class=\"wp-block-heading\"><strong>Feature films<\/strong>:&nbsp;<\/h3>\n\n\n\n<p><strong>Postcards from Leningrad<\/strong> Mariana Rond\u00f3n (Cenac),&nbsp;<\/p>\n\n\n\n<p><strong>Record Fabricio Ojeda<\/strong> Santiago Garrido (Villa of the film and Cenac),&nbsp;<\/p>\n\n\n\n<p><strong>Rabbits<\/strong> Eduardo Garcia (EMA-ULA)<strong>&nbsp;<\/strong><\/p>\n\n\n\n<p><strong>Infection<\/strong> (feature film by Flavio Pedota-2016),&nbsp;<\/p>\n\n\n\n<p><strong>An actor prepares<\/strong> (feature film of Camilo Pineda and Inti-Towers (2017-2020)<\/p>\n\n\n\n<h3 class=\"wp-block-heading\"><strong>Short films<\/strong>:&nbsp;<\/h3>\n\n\n\n<p><strong>Juliet<\/strong> Leandro Arvelo,&nbsp;<\/p>\n\n\n\n<p><strong>Immortal<\/strong> de David Pic\u00f3n y&nbsp;<\/p>\n\n\n\n<p>\u00bf<strong>How the big ones fly?<\/strong>? Daniel Osorio,<\/p>\n\n\n\n<p><strong>A moment of happiness <\/strong>of Inty Towers&nbsp;<\/p>\n\n\n\n<p><strong>Actuaci\u00f3n en series de tv:&nbsp;<\/strong><\/p>\n\n\n\n<p>Trabaj\u00f3 como actor de reparto&nbsp; en dos episodios de la serie <strong>Historias del m\u00e1s ac\u00e1<\/strong> que financi\u00f3<strong> Tves <\/strong>en 2011;<strong>&nbsp;<\/strong><\/p>\n\n\n\n<p>Es creador y protagonista de la serie <strong>La Residencia<\/strong> que financia <strong>Conatel <\/strong>en 2012-2013<\/p>\n\n\n\n<p>Es protagonista de la serie <strong>El hombre de la luz <\/strong>que financia <strong>Conciencia tv<\/strong> en 2013-2014<\/p>\n\n\n\n<p>Es Protagonista de la serie <strong>Cr\u00f3nicas del Dorado (serie web, 2015-2016)&nbsp;<\/strong><\/p>\n\n\n\n<p><strong>&nbsp;&nbsp;&nbsp;&nbsp;&nbsp;&nbsp;&nbsp;&nbsp;&nbsp;&nbsp;&nbsp;&nbsp;&nbsp;&nbsp;&nbsp;&nbsp;&nbsp;&nbsp;&nbsp;&nbsp;&nbsp;&nbsp;&nbsp;&nbsp;&nbsp;&nbsp;&nbsp;&nbsp;&nbsp;&nbsp;&nbsp;&nbsp;&nbsp;&nbsp;&nbsp;&nbsp;&nbsp;&nbsp;&nbsp;&nbsp;&nbsp;&nbsp;&nbsp;La Corbata tv (serie web, 2020-2021)<\/strong><\/p>\n\n\n\n<h2 class=\"wp-block-heading has-large-font-size\"><strong>Awards obtained:<\/strong><\/h2>\n\n\n\n<p><strong>@<\/strong><strong> <\/strong><strong><em>Best work<\/em><\/strong>in the XV Festival intercollegiate Young People in the year 1997, for the piece \u201c<strong>The big guy of Nostradamus<\/strong>\u201d written and directed six hands next to Santiago Garrido(filmmaker) and Vincent Sivira(Actor) for the Liceo Amando Gonzalez Puccini<\/p>\n\n\n\n<p><strong>@<\/strong> Nomination <strong><em>best actor<\/em><\/strong> in the awards, \u201cTin\u201d 2000 that delivers the Foundation Festin, the interpretation of Tristan, in the piece \u201c<strong>Tristan and Margarita<\/strong>\u201d Rub\u00e9n Mart\u00ednez&nbsp;&nbsp;&nbsp;&nbsp;<\/p>\n\n\n\n<p><strong>@<\/strong><strong> <\/strong>Nomination <strong><em>best<\/em><\/strong><strong> <\/strong><strong><em>actor<\/em><\/strong> in the awards &#039; Marco Antonio Etedgui\u201d 2001, by the interpretation of Puck, in the piece \u201c<strong>Dream of a Saturday night<\/strong>\u201d&nbsp;&nbsp;<\/p>\n\n\n\n<p><strong>@<\/strong><strong> <\/strong><strong><em>Third place<\/em><\/strong> in the XXIV Festival intercollegiate young People in the year 2006, for the piece \u201c<strong>Para que el hombre no sea mas v\u00edctima del hombre<\/strong>\u201d exercise theatrical writing from the texts of the German playwright Bertold Brecht&nbsp;<\/p>\n\n\n\n<p><strong>@<\/strong><strong> <\/strong><em>First place<\/em> Film Festival atom 2007 by the short film \u201cwhat<strong>How the big ones fly?<\/strong>?<\/p>\n\n\n\n<p><em>First place<\/em> in the Festival Manuel Trujillo Dur\u00e1n at the mention experimental Short film by <strong>Immortal<\/strong>. (2008)<\/p>\n\n\n\n<p>@&nbsp; &nbsp; &nbsp; &nbsp; Premio a mejor actor en el Festival internacional de cortometrajes Caracas short festival por su actuaci\u00f3n en <strong>A moment of Happiness (2012)<\/strong><\/p>","protected":false},"excerpt":{"rendered":"<p>Resumen curricular de Gabriel Osorio Datos personales: Nombres y apellidos: C\u00e9sar Gabriel Osorio Molina C\u00e9dula de identidad: V- 14.401.784 Estado [&hellip;]<\/p>\n","protected":false},"author":1,"featured_media":0,"parent":0,"menu_order":0,"comment_status":"closed","ping_status":"closed","template":"","meta":{"site-sidebar-layout":"default","site-content-layout":"","ast-site-content-layout":"default","site-content-style":"default","site-sidebar-style":"default","ast-global-header-display":"","ast-banner-title-visibility":"","ast-main-header-display":"","ast-hfb-above-header-display":"","ast-hfb-below-header-display":"","ast-hfb-mobile-header-display":"","site-post-title":"disabled","ast-breadcrumbs-content":"","ast-featured-img":"","footer-sml-layout":"","ast-disable-related-posts":"","theme-transparent-header-meta":"","adv-header-id-meta":"","stick-header-meta":"","header-above-stick-meta":"","header-main-stick-meta":"","header-below-stick-meta":"","astra-migrate-meta-layouts":"default","ast-page-background-enabled":"default","ast-page-background-meta":{"desktop":{"background-color":"var(--ast-global-color-4)","background-image":"","background-repeat":"repeat","background-position":"center center","background-size":"auto","background-attachment":"scroll","background-type":"","background-media":"","overlay-type":"","overlay-color":"","overlay-opacity":"","overlay-gradient":""},"tablet":{"background-color":"","background-image":"","background-repeat":"repeat","background-position":"center center","background-size":"auto","background-attachment":"scroll","background-type":"","background-media":"","overlay-type":"","overlay-color":"","overlay-opacity":"","overlay-gradient":""},"mobile":{"background-color":"","background-image":"","background-repeat":"repeat","background-position":"center center","background-size":"auto","background-attachment":"scroll","background-type":"","background-media":"","overlay-type":"","overlay-color":"","overlay-opacity":"","overlay-gradient":""}},"ast-content-background-meta":{"desktop":{"background-color":"var(--ast-global-color-5)","background-image":"","background-repeat":"repeat","background-position":"center center","background-size":"auto","background-attachment":"scroll","background-type":"","background-media":"","overlay-type":"","overlay-color":"","overlay-opacity":"","overlay-gradient":""},"tablet":{"background-color":"var(--ast-global-color-5)","background-image":"","background-repeat":"repeat","background-position":"center center","background-size":"auto","background-attachment":"scroll","background-type":"","background-media":"","overlay-type":"","overlay-color":"","overlay-opacity":"","overlay-gradient":""},"mobile":{"background-color":"var(--ast-global-color-5)","background-image":"","background-repeat":"repeat","background-position":"center center","background-size":"auto","background-attachment":"scroll","background-type":"","background-media":"","overlay-type":"","overlay-color":"","overlay-opacity":"","overlay-gradient":""}},"footnotes":""},"class_list":["post-362","page","type-page","status-publish","hentry"],"yoast_head":"<!-- This site is optimized with the Yoast SEO plugin v27.6 - https:\/\/yoast.com\/product\/yoast-seo-wordpress\/ -->\n<title>CV - Cesar Gabriel Osorio Molina<\/title>\n<meta name=\"robots\" content=\"index, follow, max-snippet:-1, max-image-preview:large, max-video-preview:-1\" \/>\n<link rel=\"canonical\" href=\"https:\/\/www.gabrielosoriomolina.com\/en\/cv\/\" \/>\n<meta property=\"og:locale\" content=\"en_US\" \/>\n<meta property=\"og:type\" content=\"article\" \/>\n<meta property=\"og:title\" content=\"CV - Cesar Gabriel Osorio Molina\" \/>\n<meta property=\"og:description\" content=\"Resumen curricular de Gabriel Osorio Datos personales: Nombres y apellidos: C\u00e9sar Gabriel Osorio Molina C\u00e9dula de identidad: V- 14.401.784 Estado [&hellip;]\" \/>\n<meta property=\"og:url\" content=\"https:\/\/www.gabrielosoriomolina.com\/en\/cv\/\" \/>\n<meta property=\"og:site_name\" content=\"Cesar Gabriel Osorio Molina\" \/>\n<meta property=\"article:modified_time\" content=\"2024-09-09T16:43:33+00:00\" \/>\n<meta name=\"twitter:card\" content=\"summary_large_image\" \/>\n<meta name=\"twitter:label1\" content=\"Est. reading time\" \/>\n\t<meta name=\"twitter:data1\" content=\"5 minutes\" \/>\n<script type=\"application\/ld+json\" class=\"yoast-schema-graph\">{\"@context\":\"https:\\\/\\\/schema.org\",\"@graph\":[{\"@type\":\"WebPage\",\"@id\":\"https:\\\/\\\/www.gabrielosoriomolina.com\\\/cv\\\/\",\"url\":\"https:\\\/\\\/www.gabrielosoriomolina.com\\\/cv\\\/\",\"name\":\"CV - Cesar Gabriel Osorio Molina\",\"isPartOf\":{\"@id\":\"https:\\\/\\\/www.gabrielosoriomolina.com\\\/#website\"},\"datePublished\":\"2024-09-05T20:14:13+00:00\",\"dateModified\":\"2024-09-09T16:43:33+00:00\",\"breadcrumb\":{\"@id\":\"https:\\\/\\\/www.gabrielosoriomolina.com\\\/cv\\\/#breadcrumb\"},\"inLanguage\":\"en-US\",\"potentialAction\":[{\"@type\":\"ReadAction\",\"target\":[\"https:\\\/\\\/www.gabrielosoriomolina.com\\\/cv\\\/\"]}]},{\"@type\":\"BreadcrumbList\",\"@id\":\"https:\\\/\\\/www.gabrielosoriomolina.com\\\/cv\\\/#breadcrumb\",\"itemListElement\":[{\"@type\":\"ListItem\",\"position\":1,\"name\":\"Portada\",\"item\":\"https:\\\/\\\/www.gabrielosoriomolina.com\\\/\"},{\"@type\":\"ListItem\",\"position\":2,\"name\":\"CV\"}]},{\"@type\":\"WebSite\",\"@id\":\"https:\\\/\\\/www.gabrielosoriomolina.com\\\/#website\",\"url\":\"https:\\\/\\\/www.gabrielosoriomolina.com\\\/\",\"name\":\"Cesar Gabriel Osorio Molina\",\"description\":\"Dossier art&iacute;stico de Gabriel Osorio\",\"publisher\":{\"@id\":\"https:\\\/\\\/www.gabrielosoriomolina.com\\\/#\\\/schema\\\/person\\\/4317556be7cef3c89e5d455d7c2afa79\"},\"potentialAction\":[{\"@type\":\"SearchAction\",\"target\":{\"@type\":\"EntryPoint\",\"urlTemplate\":\"https:\\\/\\\/www.gabrielosoriomolina.com\\\/?s={search_term_string}\"},\"query-input\":{\"@type\":\"PropertyValueSpecification\",\"valueRequired\":true,\"valueName\":\"search_term_string\"}}],\"inLanguage\":\"en-US\"},{\"@type\":[\"Person\",\"Organization\"],\"@id\":\"https:\\\/\\\/www.gabrielosoriomolina.com\\\/#\\\/schema\\\/person\\\/4317556be7cef3c89e5d455d7c2afa79\",\"name\":\"Cesar Gabriel Osorio Molina\",\"image\":{\"@type\":\"ImageObject\",\"inLanguage\":\"en-US\",\"@id\":\"https:\\\/\\\/www.gabrielosoriomolina.com\\\/wp-content\\\/uploads\\\/2024\\\/09\\\/cropped-gabi-logo-v1.png\",\"url\":\"https:\\\/\\\/www.gabrielosoriomolina.com\\\/wp-content\\\/uploads\\\/2024\\\/09\\\/cropped-gabi-logo-v1.png\",\"contentUrl\":\"https:\\\/\\\/www.gabrielosoriomolina.com\\\/wp-content\\\/uploads\\\/2024\\\/09\\\/cropped-gabi-logo-v1.png\",\"width\":600,\"height\":200,\"caption\":\"Cesar Gabriel Osorio Molina\"},\"logo\":{\"@id\":\"https:\\\/\\\/www.gabrielosoriomolina.com\\\/wp-content\\\/uploads\\\/2024\\\/09\\\/cropped-gabi-logo-v1.png\"}}]}<\/script>\n<!-- \/ Yoast SEO plugin. -->","yoast_head_json":{"title":"CV - Cesar Gabriel Osorio Molina","robots":{"index":"index","follow":"follow","max-snippet":"max-snippet:-1","max-image-preview":"max-image-preview:large","max-video-preview":"max-video-preview:-1"},"canonical":"https:\/\/www.gabrielosoriomolina.com\/en\/cv\/","og_locale":"en_US","og_type":"article","og_title":"CV - Cesar Gabriel Osorio Molina","og_description":"Resumen curricular de Gabriel Osorio Datos personales: Nombres y apellidos: C\u00e9sar Gabriel Osorio Molina C\u00e9dula de identidad: V- 14.401.784 Estado [&hellip;]","og_url":"https:\/\/www.gabrielosoriomolina.com\/en\/cv\/","og_site_name":"Cesar Gabriel Osorio Molina","article_modified_time":"2024-09-09T16:43:33+00:00","twitter_card":"summary_large_image","twitter_misc":{"Est. reading time":"5 minutes"},"schema":{"@context":"https:\/\/schema.org","@graph":[{"@type":"WebPage","@id":"https:\/\/www.gabrielosoriomolina.com\/cv\/","url":"https:\/\/www.gabrielosoriomolina.com\/cv\/","name":"CV - Cesar Gabriel Osorio Molina","isPartOf":{"@id":"https:\/\/www.gabrielosoriomolina.com\/#website"},"datePublished":"2024-09-05T20:14:13+00:00","dateModified":"2024-09-09T16:43:33+00:00","breadcrumb":{"@id":"https:\/\/www.gabrielosoriomolina.com\/cv\/#breadcrumb"},"inLanguage":"en-US","potentialAction":[{"@type":"ReadAction","target":["https:\/\/www.gabrielosoriomolina.com\/cv\/"]}]},{"@type":"BreadcrumbList","@id":"https:\/\/www.gabrielosoriomolina.com\/cv\/#breadcrumb","itemListElement":[{"@type":"ListItem","position":1,"name":"Portada","item":"https:\/\/www.gabrielosoriomolina.com\/"},{"@type":"ListItem","position":2,"name":"CV"}]},{"@type":"WebSite","@id":"https:\/\/www.gabrielosoriomolina.com\/#website","url":"https:\/\/www.gabrielosoriomolina.com\/","name":"Cesar Gabriel Osorio Molina","description":"Dossier art&iacute;stico de Gabriel Osorio","publisher":{"@id":"https:\/\/www.gabrielosoriomolina.com\/#\/schema\/person\/4317556be7cef3c89e5d455d7c2afa79"},"potentialAction":[{"@type":"SearchAction","target":{"@type":"EntryPoint","urlTemplate":"https:\/\/www.gabrielosoriomolina.com\/?s={search_term_string}"},"query-input":{"@type":"PropertyValueSpecification","valueRequired":true,"valueName":"search_term_string"}}],"inLanguage":"en-US"},{"@type":["Person","Organization"],"@id":"https:\/\/www.gabrielosoriomolina.com\/#\/schema\/person\/4317556be7cef3c89e5d455d7c2afa79","name":"Cesar Gabriel Osorio Molina","image":{"@type":"ImageObject","inLanguage":"en-US","@id":"https:\/\/www.gabrielosoriomolina.com\/wp-content\/uploads\/2024\/09\/cropped-gabi-logo-v1.png","url":"https:\/\/www.gabrielosoriomolina.com\/wp-content\/uploads\/2024\/09\/cropped-gabi-logo-v1.png","contentUrl":"https:\/\/www.gabrielosoriomolina.com\/wp-content\/uploads\/2024\/09\/cropped-gabi-logo-v1.png","width":600,"height":200,"caption":"Cesar Gabriel Osorio Molina"},"logo":{"@id":"https:\/\/www.gabrielosoriomolina.com\/wp-content\/uploads\/2024\/09\/cropped-gabi-logo-v1.png"}}]}},"_links":{"self":[{"href":"https:\/\/www.gabrielosoriomolina.com\/en\/wp-json\/wp\/v2\/pages\/362","targetHints":{"allow":["GET"]}}],"collection":[{"href":"https:\/\/www.gabrielosoriomolina.com\/en\/wp-json\/wp\/v2\/pages"}],"about":[{"href":"https:\/\/www.gabrielosoriomolina.com\/en\/wp-json\/wp\/v2\/types\/page"}],"author":[{"embeddable":true,"href":"https:\/\/www.gabrielosoriomolina.com\/en\/wp-json\/wp\/v2\/users\/1"}],"replies":[{"embeddable":true,"href":"https:\/\/www.gabrielosoriomolina.com\/en\/wp-json\/wp\/v2\/comments?post=362"}],"version-history":[{"count":3,"href":"https:\/\/www.gabrielosoriomolina.com\/en\/wp-json\/wp\/v2\/pages\/362\/revisions"}],"predecessor-version":[{"id":616,"href":"https:\/\/www.gabrielosoriomolina.com\/en\/wp-json\/wp\/v2\/pages\/362\/revisions\/616"}],"wp:attachment":[{"href":"https:\/\/www.gabrielosoriomolina.com\/en\/wp-json\/wp\/v2\/media?parent=362"}],"curies":[{"name":"wp","href":"https:\/\/api.w.org\/{rel}","templated":true}]}}